{"id":4469,"date":"2021-10-15T20:12:55","date_gmt":"2021-10-15T23:12:55","guid":{"rendered":"http:\/\/arteemmovimento.org\/?page_id=4469"},"modified":"2021-10-16T13:29:17","modified_gmt":"2021-10-16T16:29:17","slug":"audiovisual","status":"publish","type":"page","link":"https:\/\/arteemmovimento.org\/index.php\/audiovisual\/","title":{"rendered":"Audiovisual"},"content":{"rendered":"\n<blockquote class=\"wp-block-quote is-layout-flow wp-block-quote-is-layout-flow\"><p>Realiza\u00e7\u00e3o de document\u00e1rios, programas de Tv, v\u00eddeo-relat\u00f3rios, v\u00eddeo-cartas dentre outros. Somos registrados na Ancine como Produtora de Cinema Independente. N\u00ba Registro ANCINE: 16179<\/p><\/blockquote>\n\n\n\t\t\t\t<p><em>Seu Arquivo de Portfolio atualmente n\u00e3o tem entradas. Voc\u00ea pode come\u00e7ar a criar-las em seu painel.<\/p><\/em>\n\t\t\t\t\n","protected":false},"excerpt":{"rendered":"<p>Realiza\u00e7\u00e3o de document\u00e1rios, programas de Tv, v\u00eddeo-relat\u00f3rios, v\u00eddeo-cartas dentre outros. Somos registrados na Ancine como Produtora de Cinema Independente. N\u00ba Registro ANCINE: 16179<\/p>\n","protected":false},"author":1,"featured_media":0,"parent":0,"menu_order":0,"comment_status":"closed","ping_status":"closed","template":"template-full-width.php","meta":{"footnotes":""},"class_list":["post-4469","page","type-page","status-publish","hentry"],"jetpack_sharing_enabled":true,"_links":{"self":[{"href":"https:\/\/arteemmovimento.org\/index.php\/wp-json\/wp\/v2\/pages\/4469","targetHints":{"allow":["GET"]}}],"collection":[{"href":"https:\/\/arteemmovimento.org\/index.php\/wp-json\/wp\/v2\/pages"}],"about":[{"href":"https:\/\/arteemmovimento.org\/index.php\/wp-json\/wp\/v2\/types\/page"}],"author":[{"embeddable":true,"href":"https:\/\/arteemmovimento.org\/index.php\/wp-json\/wp\/v2\/users\/1"}],"replies":[{"embeddable":true,"href":"https:\/\/arteemmovimento.org\/index.php\/wp-json\/wp\/v2\/comments?post=4469"}],"version-history":[{"count":4,"href":"https:\/\/arteemmovimento.org\/index.php\/wp-json\/wp\/v2\/pages\/4469\/revisions"}],"predecessor-version":[{"id":4598,"href":"https:\/\/arteemmovimento.org\/index.php\/wp-json\/wp\/v2\/pages\/4469\/revisions\/4598"}],"wp:attachment":[{"href":"https:\/\/arteemmovimento.org\/index.php\/wp-json\/wp\/v2\/media?parent=4469"}],"curies":[{"name":"wp","href":"https:\/\/api.w.org\/{rel}","templated":true}]}}