{"id":4582,"date":"2021-10-16T13:16:32","date_gmt":"2021-10-16T16:16:32","guid":{"rendered":"http:\/\/arteemmovimento.org\/?page_id=4582"},"modified":"2021-10-16T13:27:52","modified_gmt":"2021-10-16T16:27:52","slug":"assessoria","status":"publish","type":"page","link":"https:\/\/arteemmovimento.org\/index.php\/assessoria\/","title":{"rendered":"Assessoria"},"content":{"rendered":"\n<blockquote class=\"wp-block-quote is-layout-flow wp-block-quote-is-layout-flow\"><p>Assessoria para execu\u00e7\u00e3o de projetos culturais e sociais. Oferecemos tamb\u00e9m assessoria art\u00edstica para realiza\u00e7\u00e3o de eventos.<\/p><\/blockquote>\n\n\n\t\t\t\t<div class=\"jetpack-portfolio-shortcode column-2\">\n\t\t\t\t\t\t\t\t\t<div class=\"portfolio-entry portfolio-entry-column-2 type-assessoria portfolio-entry-mobile-first-item-row portfolio-entry-first-item-row\">\n\t\t\t\t\t\t<header class=\"portfolio-entry-header\">\n\t\t\t\t\t\t<a class=\"portfolio-featured-image\" href=\"https:\/\/arteemmovimento.org\/index.php\/portfolio\/mostra-gorutuba-de-cinema-segunda-edicao\/\"><img loading=\"lazy\" decoding=\"async\" width=\"1024\" height=\"1024\" src=\"https:\/\/arteemmovimento.org\/wp-content\/uploads\/2025\/03\/banner-horizontal-QUADRADO-MOSTRA-Gorutuba-2025-02-01-1024x1024.png\" class=\"attachment-large size-large wp-post-image\" alt=\"\" srcset=\"https:\/\/arteemmovimento.org\/wp-content\/uploads\/2025\/03\/banner-horizontal-QUADRADO-MOSTRA-Gorutuba-2025-02-01-1024x1024.png 1024w, https:\/\/arteemmovimento.org\/wp-content\/uploads\/2025\/03\/banner-horizontal-QUADRADO-MOSTRA-Gorutuba-2025-02-01-300x300.png 300w, https:\/\/arteemmovimento.org\/wp-content\/uploads\/2025\/03\/banner-horizontal-QUADRADO-MOSTRA-Gorutuba-2025-02-01-150x150.png 150w, https:\/\/arteemmovimento.org\/wp-content\/uploads\/2025\/03\/banner-horizontal-QUADRADO-MOSTRA-Gorutuba-2025-02-01-768x769.png 768w, https:\/\/arteemmovimento.org\/wp-content\/uploads\/2025\/03\/banner-horizontal-QUADRADO-MOSTRA-Gorutuba-2025-02-01-1534x1536.png 1534w, https:\/\/arteemmovimento.org\/wp-content\/uploads\/2025\/03\/banner-horizontal-QUADRADO-MOSTRA-Gorutuba-2025-02-01-525x525.png 525w, https:\/\/arteemmovimento.org\/wp-content\/uploads\/2025\/03\/banner-horizontal-QUADRADO-MOSTRA-Gorutuba-2025-02-01-780x781.png 780w, https:\/\/arteemmovimento.org\/wp-content\/uploads\/2025\/03\/banner-horizontal-QUADRADO-MOSTRA-Gorutuba-2025-02-01-50x50.png 50w\" sizes=\"auto, (max-width: 1024px) 100vw, 1024px\" \/><\/a>\n\t\t\t\t\t\t<h2 class=\"portfolio-entry-title\"><a href=\"https:\/\/arteemmovimento.org\/index.php\/portfolio\/mostra-gorutuba-de-cinema-segunda-edicao\/\" title=\"Programa\u00e7\u00e3o Completa\">Programa\u00e7\u00e3o Completa<\/a><\/h2>\n\n\t\t\t\t\t\t\t<div class=\"portfolio-entry-meta\">\n\t\t\t\t\t\t\t<div class=\"project-types\"><span>Tipos:<\/span> <a href=\"https:\/\/arteemmovimento.org\/index.php\/project-type\/assessoria\/\" rel=\"tag\">Assessoria<\/a><\/div>\t\t\t\t\t\t\t<\/div>\n\n\t\t\t\t\t\t<\/header>\n\n\t\t\t\t\t\t\t\t\t\t\t\t<div class=\"portfolio-entry-content\"><p>O cinema est\u00e1 de volta a Jana\u00faba! Programa\u00e7\u00e3o Completa 03 a 05 abril 2025 Local de realiza\u00e7\u00e3o do evento: Pra\u00e7a Viva Vida \u2013 Jana\u00faba\/MG \ud83c\udfac CINEMA: Exibi\u00e7\u00f5es de Filmes ao ar livre \ud83c\udfb6 M\u00daSICA: Shows ao Vivo Todas as Noites \ud83c\udfad TEATRO: Espet\u00e1culos Culturais e Infantis \ud83c\udfa8 FEIRA CULTURAL: Barraquinhas de Artesanato e Gastronomia Local [&hellip;]<\/p>\n<\/div>\n\t\t\t\t\t\t\t\t\t\t\t\t<\/div><!-- close .portfolio-entry -->\n\t\t\t\t\t\t\t\t\t<\/div><!-- close .jetpack-portfolio -->\n\t\t\t\t\n","protected":false},"excerpt":{"rendered":"<p>Assessoria para execu\u00e7\u00e3o de projetos culturais e sociais. Oferecemos tamb\u00e9m assessoria art\u00edstica para realiza\u00e7\u00e3o de eventos.<\/p>\n","protected":false},"author":1,"featured_media":0,"parent":0,"menu_order":0,"comment_status":"closed","ping_status":"closed","template":"template-full-width.php","meta":{"footnotes":""},"class_list":["post-4582","page","type-page","status-publish","hentry"],"jetpack_sharing_enabled":true,"_links":{"self":[{"href":"https:\/\/arteemmovimento.org\/index.php\/wp-json\/wp\/v2\/pages\/4582","targetHints":{"allow":["GET"]}}],"collection":[{"href":"https:\/\/arteemmovimento.org\/index.php\/wp-json\/wp\/v2\/pages"}],"about":[{"href":"https:\/\/arteemmovimento.org\/index.php\/wp-json\/wp\/v2\/types\/page"}],"author":[{"embeddable":true,"href":"https:\/\/arteemmovimento.org\/index.php\/wp-json\/wp\/v2\/users\/1"}],"replies":[{"embeddable":true,"href":"https:\/\/arteemmovimento.org\/index.php\/wp-json\/wp\/v2\/comments?post=4582"}],"version-history":[{"count":2,"href":"https:\/\/arteemmovimento.org\/index.php\/wp-json\/wp\/v2\/pages\/4582\/revisions"}],"predecessor-version":[{"id":4595,"href":"https:\/\/arteemmovimento.org\/index.php\/wp-json\/wp\/v2\/pages\/4582\/revisions\/4595"}],"wp:attachment":[{"href":"https:\/\/arteemmovimento.org\/index.php\/wp-json\/wp\/v2\/media?parent=4582"}],"curies":[{"name":"wp","href":"https:\/\/api.w.org\/{rel}","templated":true}]}}